{"id":8,"date":"2022-04-11T17:23:01","date_gmt":"2022-04-11T15:23:01","guid":{"rendered":"https:\/\/actualfarma.es\/congreso-2026\/perfil\/"},"modified":"2023-01-26T14:12:57","modified_gmt":"2023-01-26T13:12:57","slug":"perfil","status":"publish","type":"page","link":"https:\/\/actualfarma.es\/congreso-2026\/perfil\/","title":{"rendered":"Perfil"},"content":{"rendered":"\n<div class=\"wp-block-group seccion\"><div class=\"wp-block-group__inner-container is-layout-flow wp-block-group-is-layout-flow\">\n<div class=\"wp-block-group formulario_perfil\"><div class=\"wp-block-group__inner-container is-layout-flow wp-block-group-is-layout-flow\">Por favor <a class=\"linkStyle1\" href=\"https:\/\/actualfarma.es\/congreso-2026\/iniciar-sesion-login\/\">iniciar sesi\u00f3n<\/a> para ver su perfil\n<\/div><\/div>\n<\/div><\/div>\n","protected":false},"excerpt":{"rendered":"","protected":false},"author":1,"featured_media":0,"parent":0,"menu_order":0,"comment_status":"closed","ping_status":"closed","template":"template-area-usuario.php","meta":{"inline_featured_image":false,"footnotes":""},"class_list":["post-8","page","type-page","status-publish","hentry"],"yoast_head":"<!-- This site is optimized with the Yoast SEO plugin v27.2 - https:\/\/yoast.com\/product\/yoast-seo-wordpress\/ -->\n<title>Perfil - Actualfarma 2026<\/title>\n<meta name=\"description\" content=\"Actualfarma - Jornadas farmacol\u00f3gicas. Actualizaci\u00f3n anual en farmacoterapia y abrir v\u00edas comunes entre m\u00e9dicos y farmac\u00e9uticos hospitalarios.\" \/>\n<meta name=\"robots\" content=\"index, follow, max-snippet:-1, max-image-preview:large, max-video-preview:-1\" \/>\n<link rel=\"canonical\" href=\"https:\/\/actualfarma.es\/congreso-2026\/perfil\/\" \/>\n<meta property=\"og:locale\" content=\"es_ES\" \/>\n<meta property=\"og:type\" content=\"article\" \/>\n<meta property=\"og:title\" content=\"Perfil - Actualfarma 2026\" \/>\n<meta property=\"og:description\" content=\"Actualfarma - Jornadas farmacol\u00f3gicas. Actualizaci\u00f3n anual en farmacoterapia y abrir v\u00edas comunes entre m\u00e9dicos y farmac\u00e9uticos hospitalarios.\" \/>\n<meta property=\"og:url\" content=\"https:\/\/actualfarma.es\/congreso-2026\/perfil\/\" \/>\n<meta property=\"og:site_name\" content=\"Actualfarma 2026\" \/>\n<meta property=\"article:publisher\" content=\"https:\/\/www.facebook.com\/people\/Actualfarma\/100066508608748\/\" \/>\n<meta property=\"article:modified_time\" content=\"2023-01-26T13:12:57+00:00\" \/>\n<meta name=\"twitter:card\" content=\"summary_large_image\" \/>\n<meta name=\"twitter:label1\" content=\"Tiempo de lectura\" \/>\n\t<meta name=\"twitter:data1\" content=\"1 minuto\" \/>\n<script type=\"application\/ld+json\" class=\"yoast-schema-graph\">{\"@context\":\"https:\/\/schema.org\",\"@graph\":[{\"@type\":\"WebPage\",\"@id\":\"https:\/\/actualfarma.es\/congreso-2026\/perfil\/\",\"url\":\"https:\/\/actualfarma.es\/congreso-2026\/perfil\/\",\"name\":\"Perfil - Actualfarma 2026\",\"isPartOf\":{\"@id\":\"https:\/\/actualfarma.es\/congreso-2026\/#website\"},\"datePublished\":\"2022-04-11T15:23:01+00:00\",\"dateModified\":\"2023-01-26T13:12:57+00:00\",\"description\":\"Actualfarma - Jornadas farmacol\u00f3gicas. Actualizaci\u00f3n anual en farmacoterapia y abrir v\u00edas comunes entre m\u00e9dicos y farmac\u00e9uticos hospitalarios.\",\"breadcrumb\":{\"@id\":\"https:\/\/actualfarma.es\/congreso-2026\/perfil\/#breadcrumb\"},\"inLanguage\":\"es\",\"potentialAction\":[{\"@type\":\"ReadAction\",\"target\":[\"https:\/\/actualfarma.es\/congreso-2026\/perfil\/\"]}]},{\"@type\":\"BreadcrumbList\",\"@id\":\"https:\/\/actualfarma.es\/congreso-2026\/perfil\/#breadcrumb\",\"itemListElement\":[{\"@type\":\"ListItem\",\"position\":1,\"name\":\"Portada\",\"item\":\"https:\/\/actualfarma.es\/congreso-2026\/\"},{\"@type\":\"ListItem\",\"position\":2,\"name\":\"Perfil\"}]},{\"@type\":\"WebSite\",\"@id\":\"https:\/\/actualfarma.es\/congreso-2026\/#website\",\"url\":\"https:\/\/actualfarma.es\/congreso-2026\/\",\"name\":\"Actualfarma 2025\",\"description\":\"Jornadas farmacol\u00f3gicas\",\"publisher\":{\"@id\":\"https:\/\/actualfarma.es\/congreso-2026\/#organization\"},\"potentialAction\":[{\"@type\":\"SearchAction\",\"target\":{\"@type\":\"EntryPoint\",\"urlTemplate\":\"https:\/\/actualfarma.es\/congreso-2026\/?s={search_term_string}\"},\"query-input\":{\"@type\":\"PropertyValueSpecification\",\"valueRequired\":true,\"valueName\":\"search_term_string\"}}],\"inLanguage\":\"es\"},{\"@type\":\"Organization\",\"@id\":\"https:\/\/actualfarma.es\/congreso-2026\/#organization\",\"name\":\"Actualfarma 2025\",\"url\":\"https:\/\/actualfarma.es\/congreso-2026\/\",\"logo\":{\"@type\":\"ImageObject\",\"inLanguage\":\"es\",\"@id\":\"https:\/\/actualfarma.es\/congreso-2026\/#\/schema\/logo\/image\/\",\"url\":\"https:\/\/actualfarma.es\/congreso-2026\/wp-content\/uploads\/2022\/04\/logo.svg\",\"contentUrl\":\"https:\/\/actualfarma.es\/congreso-2026\/wp-content\/uploads\/2022\/04\/logo.svg\",\"caption\":\"Actualfarma 2025\"},\"image\":{\"@id\":\"https:\/\/actualfarma.es\/congreso-2026\/#\/schema\/logo\/image\/\"},\"sameAs\":[\"https:\/\/www.facebook.com\/people\/Actualfarma\/100066508608748\/\"]}]}<\/script>\n<!-- \/ Yoast SEO plugin. -->","yoast_head_json":{"title":"Perfil - Actualfarma 2026","description":"Actualfarma - Jornadas farmacol\u00f3gicas. Actualizaci\u00f3n anual en farmacoterapia y abrir v\u00edas comunes entre m\u00e9dicos y farmac\u00e9uticos hospitalarios.","robots":{"index":"index","follow":"follow","max-snippet":"max-snippet:-1","max-image-preview":"max-image-preview:large","max-video-preview":"max-video-preview:-1"},"canonical":"https:\/\/actualfarma.es\/congreso-2026\/perfil\/","og_locale":"es_ES","og_type":"article","og_title":"Perfil - Actualfarma 2026","og_description":"Actualfarma - Jornadas farmacol\u00f3gicas. Actualizaci\u00f3n anual en farmacoterapia y abrir v\u00edas comunes entre m\u00e9dicos y farmac\u00e9uticos hospitalarios.","og_url":"https:\/\/actualfarma.es\/congreso-2026\/perfil\/","og_site_name":"Actualfarma 2026","article_publisher":"https:\/\/www.facebook.com\/people\/Actualfarma\/100066508608748\/","article_modified_time":"2023-01-26T13:12:57+00:00","twitter_card":"summary_large_image","twitter_misc":{"Tiempo de lectura":"1 minuto"},"schema":{"@context":"https:\/\/schema.org","@graph":[{"@type":"WebPage","@id":"https:\/\/actualfarma.es\/congreso-2026\/perfil\/","url":"https:\/\/actualfarma.es\/congreso-2026\/perfil\/","name":"Perfil - Actualfarma 2026","isPartOf":{"@id":"https:\/\/actualfarma.es\/congreso-2026\/#website"},"datePublished":"2022-04-11T15:23:01+00:00","dateModified":"2023-01-26T13:12:57+00:00","description":"Actualfarma - Jornadas farmacol\u00f3gicas. Actualizaci\u00f3n anual en farmacoterapia y abrir v\u00edas comunes entre m\u00e9dicos y farmac\u00e9uticos hospitalarios.","breadcrumb":{"@id":"https:\/\/actualfarma.es\/congreso-2026\/perfil\/#breadcrumb"},"inLanguage":"es","potentialAction":[{"@type":"ReadAction","target":["https:\/\/actualfarma.es\/congreso-2026\/perfil\/"]}]},{"@type":"BreadcrumbList","@id":"https:\/\/actualfarma.es\/congreso-2026\/perfil\/#breadcrumb","itemListElement":[{"@type":"ListItem","position":1,"name":"Portada","item":"https:\/\/actualfarma.es\/congreso-2026\/"},{"@type":"ListItem","position":2,"name":"Perfil"}]},{"@type":"WebSite","@id":"https:\/\/actualfarma.es\/congreso-2026\/#website","url":"https:\/\/actualfarma.es\/congreso-2026\/","name":"Actualfarma 2025","description":"Jornadas farmacol\u00f3gicas","publisher":{"@id":"https:\/\/actualfarma.es\/congreso-2026\/#organization"},"potentialAction":[{"@type":"SearchAction","target":{"@type":"EntryPoint","urlTemplate":"https:\/\/actualfarma.es\/congreso-2026\/?s={search_term_string}"},"query-input":{"@type":"PropertyValueSpecification","valueRequired":true,"valueName":"search_term_string"}}],"inLanguage":"es"},{"@type":"Organization","@id":"https:\/\/actualfarma.es\/congreso-2026\/#organization","name":"Actualfarma 2025","url":"https:\/\/actualfarma.es\/congreso-2026\/","logo":{"@type":"ImageObject","inLanguage":"es","@id":"https:\/\/actualfarma.es\/congreso-2026\/#\/schema\/logo\/image\/","url":"https:\/\/actualfarma.es\/congreso-2026\/wp-content\/uploads\/2022\/04\/logo.svg","contentUrl":"https:\/\/actualfarma.es\/congreso-2026\/wp-content\/uploads\/2022\/04\/logo.svg","caption":"Actualfarma 2025"},"image":{"@id":"https:\/\/actualfarma.es\/congreso-2026\/#\/schema\/logo\/image\/"},"sameAs":["https:\/\/www.facebook.com\/people\/Actualfarma\/100066508608748\/"]}]}},"_links":{"self":[{"href":"https:\/\/actualfarma.es\/congreso-2026\/wp-json\/wp\/v2\/pages\/8","targetHints":{"allow":["GET"]}}],"collection":[{"href":"https:\/\/actualfarma.es\/congreso-2026\/wp-json\/wp\/v2\/pages"}],"about":[{"href":"https:\/\/actualfarma.es\/congreso-2026\/wp-json\/wp\/v2\/types\/page"}],"author":[{"embeddable":true,"href":"https:\/\/actualfarma.es\/congreso-2026\/wp-json\/wp\/v2\/users\/1"}],"replies":[{"embeddable":true,"href":"https:\/\/actualfarma.es\/congreso-2026\/wp-json\/wp\/v2\/comments?post=8"}],"version-history":[{"count":3,"href":"https:\/\/actualfarma.es\/congreso-2026\/wp-json\/wp\/v2\/pages\/8\/revisions"}],"predecessor-version":[{"id":8426,"href":"https:\/\/actualfarma.es\/congreso-2026\/wp-json\/wp\/v2\/pages\/8\/revisions\/8426"}],"wp:attachment":[{"href":"https:\/\/actualfarma.es\/congreso-2026\/wp-json\/wp\/v2\/media?parent=8"}],"curies":[{"name":"wp","href":"https:\/\/api.w.org\/{rel}","templated":true}]}}