{"id":7,"date":"2022-04-11T17:23:01","date_gmt":"2022-04-11T17:23:01","guid":{"rendered":"https:\/\/actualfarma.es\/congreso-2026\/ha-olvidado-su-contrasena\/"},"modified":"2023-01-26T14:10:25","modified_gmt":"2023-01-26T13:10:25","slug":"ha-olvidado-su-contrasena","status":"publish","type":"page","link":"https:\/\/actualfarma.es\/congreso-2026\/ha-olvidado-su-contrasena\/","title":{"rendered":"Ha olvidado su contrase\u00f1a"},"content":{"rendered":"\n<div class=\"wp-block-group seccion\"><div class=\"wp-block-group__inner-container is-layout-flow wp-block-group-is-layout-flow\">\n<div class=\"wp-block-group formulario_olvido\"><div class=\"wp-block-group__inner-container is-layout-flow wp-block-group-is-layout-flow\"><div class=\"piereg_container\"><div class=\"piereg_entry-content pieregForgotPassword pieregWrapper\"><div id=\"piereg_forgotpassword\"><div id=\"piereg_login\"><div class=\"alert alert-warning\"><p class=\"piereg_warning fp_desc\">Por favor introduzca su nombre de usuario o direcci\u00f3n de correo electr\u00f3nico. Recibir\u00e1 un enlace para crear una nueva contrase\u00f1a por correo electr\u00f3nico.<\/p><\/div><form method=\"post\" action=\"\/congreso-2026\/wp-json\/wp\/v2\/pages\/7\" id=\"piereg_lostpasswordform\"><ul id=\"pie_register\"><li class=\"fields\"><label for=\"user_login\">Email<\/label><input type=\"text\" size=\"20\" value=\"\" class=\"input input_fields validate[required]\" id=\"reset_user_login\" name=\"user_login\" placeholder=\"\"><\/li><input type=\"hidden\" id=\"piereg_reset_password_nonce\" name=\"piereg_reset_password_nonce\" value=\"047bf9dbbf\" \/><input type=\"hidden\" name=\"_wp_http_referer\" value=\"\/congreso-2026\/wp-json\/wp\/v2\/pages\/7\" \/><input type=\"hidden\" value=\"\" name=\"redirect_to\"><input type=\"hidden\" value=\"1\" name=\"is_forgot_form\"><li class=\"fields\"><div class=\"fieldset\"><\/div><\/li><li class=\"fields\"><p class=\"submit\"><input type=\"submit\" value=\"Restablecer mi contrase\u00f1a\" class=\"button button-primary button-large\" id=\"wp-reset-submit\" name=\"user-submit\"><\/p><\/li><\/ul>\r\n\t\t<input type=\"hidden\" name=\"reset_pass\" value=\"1\" \/>\r\n\t\t<input type=\"hidden\" name=\"user-cookie\" value=\"1\" \/>\r\n\t  <\/form>\r\n\t<\/div>\r\n\t<\/div>\r\n\t<\/div>\r\n\t<\/div>\n<\/div><\/div>\n<\/div><\/div>\n","protected":false},"excerpt":{"rendered":"","protected":false},"author":1,"featured_media":0,"parent":0,"menu_order":0,"comment_status":"closed","ping_status":"closed","template":"","meta":{"inline_featured_image":false,"footnotes":""},"class_list":["post-7","page","type-page","status-publish","hentry"],"yoast_head":"<!-- This site is optimized with the Yoast SEO plugin v27.2 - https:\/\/yoast.com\/product\/yoast-seo-wordpress\/ -->\n<title>Ha olvidado su contrase\u00f1a - Actualfarma 2026<\/title>\n<meta name=\"description\" content=\"\u00bfHas olvidado la contrase\u00f1a? Introduce nombre de usuario o direcci\u00f3n de correo electr\u00f3nico y recibir\u00e1s un enlace para crear una nueva. Gracias\" \/>\n<meta name=\"robots\" content=\"index, follow, max-snippet:-1, max-image-preview:large, max-video-preview:-1\" \/>\n<link rel=\"canonical\" href=\"https:\/\/actualfarma.es\/congreso-2026\/ha-olvidado-su-contrasena\/\" \/>\n<meta property=\"og:locale\" content=\"es_ES\" \/>\n<meta property=\"og:type\" content=\"article\" \/>\n<meta property=\"og:title\" content=\"Ha olvidado su contrase\u00f1a - Actualfarma 2026\" \/>\n<meta property=\"og:description\" content=\"\u00bfHas olvidado la contrase\u00f1a? Introduce nombre de usuario o direcci\u00f3n de correo electr\u00f3nico y recibir\u00e1s un enlace para crear una nueva. Gracias\" \/>\n<meta property=\"og:url\" content=\"https:\/\/actualfarma.es\/congreso-2026\/ha-olvidado-su-contrasena\/\" \/>\n<meta property=\"og:site_name\" content=\"Actualfarma 2026\" \/>\n<meta property=\"article:publisher\" content=\"https:\/\/www.facebook.com\/people\/Actualfarma\/100066508608748\/\" \/>\n<meta property=\"article:modified_time\" content=\"2023-01-26T13:10:25+00:00\" \/>\n<meta name=\"twitter:card\" content=\"summary_large_image\" \/>\n<meta name=\"twitter:label1\" content=\"Tiempo de lectura\" \/>\n\t<meta name=\"twitter:data1\" content=\"1 minuto\" \/>\n<script type=\"application\/ld+json\" class=\"yoast-schema-graph\">{\"@context\":\"https:\/\/schema.org\",\"@graph\":[{\"@type\":\"WebPage\",\"@id\":\"https:\/\/actualfarma.es\/congreso-2026\/ha-olvidado-su-contrasena\/\",\"url\":\"https:\/\/actualfarma.es\/congreso-2026\/ha-olvidado-su-contrasena\/\",\"name\":\"Ha olvidado su contrase\u00f1a - Actualfarma 2026\",\"isPartOf\":{\"@id\":\"https:\/\/actualfarma.es\/congreso-2026\/#website\"},\"datePublished\":\"2022-04-11T17:23:01+00:00\",\"dateModified\":\"2023-01-26T13:10:25+00:00\",\"description\":\"\u00bfHas olvidado la contrase\u00f1a? Introduce nombre de usuario o direcci\u00f3n de correo electr\u00f3nico y recibir\u00e1s un enlace para crear una nueva. Gracias\",\"breadcrumb\":{\"@id\":\"https:\/\/actualfarma.es\/congreso-2026\/ha-olvidado-su-contrasena\/#breadcrumb\"},\"inLanguage\":\"es\",\"potentialAction\":[{\"@type\":\"ReadAction\",\"target\":[\"https:\/\/actualfarma.es\/congreso-2026\/ha-olvidado-su-contrasena\/\"]}]},{\"@type\":\"BreadcrumbList\",\"@id\":\"https:\/\/actualfarma.es\/congreso-2026\/ha-olvidado-su-contrasena\/#breadcrumb\",\"itemListElement\":[{\"@type\":\"ListItem\",\"position\":1,\"name\":\"Portada\",\"item\":\"https:\/\/actualfarma.es\/congreso-2026\/\"},{\"@type\":\"ListItem\",\"position\":2,\"name\":\"Ha olvidado su contrase\u00f1a\"}]},{\"@type\":\"WebSite\",\"@id\":\"https:\/\/actualfarma.es\/congreso-2026\/#website\",\"url\":\"https:\/\/actualfarma.es\/congreso-2026\/\",\"name\":\"Actualfarma 2025\",\"description\":\"Jornadas farmacol\u00f3gicas\",\"publisher\":{\"@id\":\"https:\/\/actualfarma.es\/congreso-2026\/#organization\"},\"potentialAction\":[{\"@type\":\"SearchAction\",\"target\":{\"@type\":\"EntryPoint\",\"urlTemplate\":\"https:\/\/actualfarma.es\/congreso-2026\/?s={search_term_string}\"},\"query-input\":{\"@type\":\"PropertyValueSpecification\",\"valueRequired\":true,\"valueName\":\"search_term_string\"}}],\"inLanguage\":\"es\"},{\"@type\":\"Organization\",\"@id\":\"https:\/\/actualfarma.es\/congreso-2026\/#organization\",\"name\":\"Actualfarma 2025\",\"url\":\"https:\/\/actualfarma.es\/congreso-2026\/\",\"logo\":{\"@type\":\"ImageObject\",\"inLanguage\":\"es\",\"@id\":\"https:\/\/actualfarma.es\/congreso-2026\/#\/schema\/logo\/image\/\",\"url\":\"https:\/\/actualfarma.es\/congreso-2026\/wp-content\/uploads\/2022\/04\/logo.svg\",\"contentUrl\":\"https:\/\/actualfarma.es\/congreso-2026\/wp-content\/uploads\/2022\/04\/logo.svg\",\"caption\":\"Actualfarma 2025\"},\"image\":{\"@id\":\"https:\/\/actualfarma.es\/congreso-2026\/#\/schema\/logo\/image\/\"},\"sameAs\":[\"https:\/\/www.facebook.com\/people\/Actualfarma\/100066508608748\/\"]}]}<\/script>\n<!-- \/ Yoast SEO plugin. -->","yoast_head_json":{"title":"Ha olvidado su contrase\u00f1a - Actualfarma 2026","description":"\u00bfHas olvidado la contrase\u00f1a? Introduce nombre de usuario o direcci\u00f3n de correo electr\u00f3nico y recibir\u00e1s un enlace para crear una nueva. Gracias","robots":{"index":"index","follow":"follow","max-snippet":"max-snippet:-1","max-image-preview":"max-image-preview:large","max-video-preview":"max-video-preview:-1"},"canonical":"https:\/\/actualfarma.es\/congreso-2026\/ha-olvidado-su-contrasena\/","og_locale":"es_ES","og_type":"article","og_title":"Ha olvidado su contrase\u00f1a - Actualfarma 2026","og_description":"\u00bfHas olvidado la contrase\u00f1a? Introduce nombre de usuario o direcci\u00f3n de correo electr\u00f3nico y recibir\u00e1s un enlace para crear una nueva. Gracias","og_url":"https:\/\/actualfarma.es\/congreso-2026\/ha-olvidado-su-contrasena\/","og_site_name":"Actualfarma 2026","article_publisher":"https:\/\/www.facebook.com\/people\/Actualfarma\/100066508608748\/","article_modified_time":"2023-01-26T13:10:25+00:00","twitter_card":"summary_large_image","twitter_misc":{"Tiempo de lectura":"1 minuto"},"schema":{"@context":"https:\/\/schema.org","@graph":[{"@type":"WebPage","@id":"https:\/\/actualfarma.es\/congreso-2026\/ha-olvidado-su-contrasena\/","url":"https:\/\/actualfarma.es\/congreso-2026\/ha-olvidado-su-contrasena\/","name":"Ha olvidado su contrase\u00f1a - Actualfarma 2026","isPartOf":{"@id":"https:\/\/actualfarma.es\/congreso-2026\/#website"},"datePublished":"2022-04-11T17:23:01+00:00","dateModified":"2023-01-26T13:10:25+00:00","description":"\u00bfHas olvidado la contrase\u00f1a? Introduce nombre de usuario o direcci\u00f3n de correo electr\u00f3nico y recibir\u00e1s un enlace para crear una nueva. Gracias","breadcrumb":{"@id":"https:\/\/actualfarma.es\/congreso-2026\/ha-olvidado-su-contrasena\/#breadcrumb"},"inLanguage":"es","potentialAction":[{"@type":"ReadAction","target":["https:\/\/actualfarma.es\/congreso-2026\/ha-olvidado-su-contrasena\/"]}]},{"@type":"BreadcrumbList","@id":"https:\/\/actualfarma.es\/congreso-2026\/ha-olvidado-su-contrasena\/#breadcrumb","itemListElement":[{"@type":"ListItem","position":1,"name":"Portada","item":"https:\/\/actualfarma.es\/congreso-2026\/"},{"@type":"ListItem","position":2,"name":"Ha olvidado su contrase\u00f1a"}]},{"@type":"WebSite","@id":"https:\/\/actualfarma.es\/congreso-2026\/#website","url":"https:\/\/actualfarma.es\/congreso-2026\/","name":"Actualfarma 2025","description":"Jornadas farmacol\u00f3gicas","publisher":{"@id":"https:\/\/actualfarma.es\/congreso-2026\/#organization"},"potentialAction":[{"@type":"SearchAction","target":{"@type":"EntryPoint","urlTemplate":"https:\/\/actualfarma.es\/congreso-2026\/?s={search_term_string}"},"query-input":{"@type":"PropertyValueSpecification","valueRequired":true,"valueName":"search_term_string"}}],"inLanguage":"es"},{"@type":"Organization","@id":"https:\/\/actualfarma.es\/congreso-2026\/#organization","name":"Actualfarma 2025","url":"https:\/\/actualfarma.es\/congreso-2026\/","logo":{"@type":"ImageObject","inLanguage":"es","@id":"https:\/\/actualfarma.es\/congreso-2026\/#\/schema\/logo\/image\/","url":"https:\/\/actualfarma.es\/congreso-2026\/wp-content\/uploads\/2022\/04\/logo.svg","contentUrl":"https:\/\/actualfarma.es\/congreso-2026\/wp-content\/uploads\/2022\/04\/logo.svg","caption":"Actualfarma 2025"},"image":{"@id":"https:\/\/actualfarma.es\/congreso-2026\/#\/schema\/logo\/image\/"},"sameAs":["https:\/\/www.facebook.com\/people\/Actualfarma\/100066508608748\/"]}]}},"_links":{"self":[{"href":"https:\/\/actualfarma.es\/congreso-2026\/wp-json\/wp\/v2\/pages\/7","targetHints":{"allow":["GET"]}}],"collection":[{"href":"https:\/\/actualfarma.es\/congreso-2026\/wp-json\/wp\/v2\/pages"}],"about":[{"href":"https:\/\/actualfarma.es\/congreso-2026\/wp-json\/wp\/v2\/types\/page"}],"author":[{"embeddable":true,"href":"https:\/\/actualfarma.es\/congreso-2026\/wp-json\/wp\/v2\/users\/1"}],"replies":[{"embeddable":true,"href":"https:\/\/actualfarma.es\/congreso-2026\/wp-json\/wp\/v2\/comments?post=7"}],"version-history":[{"count":2,"href":"https:\/\/actualfarma.es\/congreso-2026\/wp-json\/wp\/v2\/pages\/7\/revisions"}],"predecessor-version":[{"id":2450,"href":"https:\/\/actualfarma.es\/congreso-2026\/wp-json\/wp\/v2\/pages\/7\/revisions\/2450"}],"wp:attachment":[{"href":"https:\/\/actualfarma.es\/congreso-2026\/wp-json\/wp\/v2\/media?parent=7"}],"curies":[{"name":"wp","href":"https:\/\/api.w.org\/{rel}","templated":true}]}}