{"id":222,"date":"2022-04-11T22:10:38","date_gmt":"2022-04-11T20:10:38","guid":{"rendered":"https:\/\/actualfarma.es\/congreso-2026\/?page_id=222"},"modified":"2023-01-26T14:17:56","modified_gmt":"2023-01-26T13:17:56","slug":"secretaria-tecnica","status":"publish","type":"page","link":"https:\/\/actualfarma.es\/congreso-2026\/secretaria-tecnica\/","title":{"rendered":"Secretar\u00eda t\u00e9cnica"},"content":{"rendered":"\n<div class=\"wp-block-group seccion\"><div class=\"wp-block-group__inner-container is-layout-flow wp-block-group-is-layout-flow\">\n<h2 class=\"h1 wp-block-heading\">Secretar\u00eda t\u00e9cnica<\/h2>\n\n\n    <script type=\"text\/javascript\">\n        jQuery(document).ready(function(){\n            jQuery('.gf_readonly input, .gf_readonly textarea, .gf_readonly select').attr('readonly', 'readonly');\n        });\n    <\/script>\n        <script type=\"text\/javascript\">\n        jQuery(document).ready(function(){\n\t\t\tjQuery('.gfield.listado-coautores .gfield_list_group > div.gfield_list_cell:nth-child(2)').addClass('ginput_container_email');\n\t\t\tjQuery('.gfield.listado-coautores .gfield_list_group > div.gfield_list_cell:nth-child(2) input').attr({ 'type':'email', 'data-parsley-type':'email' });\n            \/\/ jQuery('.gfield.listado-coautores input:odd').attr('type', 'email');\n        });\n    <\/script>\n    <script>\nvar gform;gform||(document.addEventListener(\"gform_main_scripts_loaded\",function(){gform.scriptsLoaded=!0}),document.addEventListener(\"gform\/theme\/scripts_loaded\",function(){gform.themeScriptsLoaded=!0}),window.addEventListener(\"DOMContentLoaded\",function(){gform.domLoaded=!0}),gform={domLoaded:!1,scriptsLoaded:!1,themeScriptsLoaded:!1,isFormEditor:()=>\"function\"==typeof InitializeEditor,callIfLoaded:function(o){return!(!gform.domLoaded||!gform.scriptsLoaded||!gform.themeScriptsLoaded&&!gform.isFormEditor()||(gform.isFormEditor()&&console.warn(\"The use of gform.initializeOnLoaded() is deprecated in the form editor context and will be removed in Gravity Forms 3.1.\"),o(),0))},initializeOnLoaded:function(o){gform.callIfLoaded(o)||(document.addEventListener(\"gform_main_scripts_loaded\",()=>{gform.scriptsLoaded=!0,gform.callIfLoaded(o)}),document.addEventListener(\"gform\/theme\/scripts_loaded\",()=>{gform.themeScriptsLoaded=!0,gform.callIfLoaded(o)}),window.addEventListener(\"DOMContentLoaded\",()=>{gform.domLoaded=!0,gform.callIfLoaded(o)}))},hooks:{action:{},filter:{}},addAction:function(o,r,e,t){gform.addHook(\"action\",o,r,e,t)},addFilter:function(o,r,e,t){gform.addHook(\"filter\",o,r,e,t)},doAction:function(o){gform.doHook(\"action\",o,arguments)},applyFilters:function(o){return gform.doHook(\"filter\",o,arguments)},removeAction:function(o,r){gform.removeHook(\"action\",o,r)},removeFilter:function(o,r,e){gform.removeHook(\"filter\",o,r,e)},addHook:function(o,r,e,t,n){null==gform.hooks[o][r]&&(gform.hooks[o][r]=[]);var d=gform.hooks[o][r];null==n&&(n=r+\"_\"+d.length),gform.hooks[o][r].push({tag:n,callable:e,priority:t=null==t?10:t})},doHook:function(r,o,e){var t;if(e=Array.prototype.slice.call(e,1),null!=gform.hooks[r][o]&&((o=gform.hooks[r][o]).sort(function(o,r){return o.priority-r.priority}),o.forEach(function(o){\"function\"!=typeof(t=o.callable)&&(t=window[t]),\"action\"==r?t.apply(null,e):e[0]=t.apply(null,e)})),\"filter\"==r)return e[0]},removeHook:function(o,r,t,n){var e;null!=gform.hooks[o][r]&&(e=(e=gform.hooks[o][r]).filter(function(o,r,e){return!!(null!=n&&n!=o.tag||null!=t&&t!=o.priority)}),gform.hooks[o][r]=e)}});\n<\/script>\n\n                <div class='gf_browser_gecko gform_wrapper gravity-theme gform-theme--no-framework formulario_wrapper' data-form-theme='gravity-theme' data-form-index='0' id='gform_wrapper_1' ><div id='gf_1' class='gform_anchor' tabindex='-1'><\/div>\n                        <div class='gform_heading'>\n\t\t\t\t\t\t\t<p class='gform_required_legend'>&quot;<span class=\"gfield_required gfield_required_asterisk\">*<\/span>&quot; se\u00f1ala los campos obligatorios<\/p>\n                        <\/div><form method='post' enctype='multipart\/form-data'  id='gform_1' class='formulario' action='\/congreso-2026\/wp-json\/wp\/v2\/pages\/222#gf_1' data-formid='1' novalidate>\n                        <div class='gform-body gform_body'><div id='gform_fields_1' class='gform_fields top_label form_sublabel_below description_below validation_below'><div id=\"field_1_5\" class=\"gfield gfield--type-honeypot gform_validation_container field_sublabel_below gfield--has-description field_description_below field_validation_below gfield_visibility_visible\"  ><label class='gfield_label gform-field-label' for='input_1_5'>Mensaje importante<\/label><div class='ginput_container'><input name='input_5' autocomplete=\"new-password\" id='input_1_5' type='text' value='' autocomplete='new-password'\/><\/div><div class='gfield_description' autocomplete=\"new-password\" id='gfield_description_1_5'>Este campo es un campo de validaci\u00f3n y debe quedar sin cambios.<\/div><\/div><div id=\"field_1_1\" class=\"gfield gfield--type-text mitad gfield_contains_required field_sublabel_below gfield--no-description field_description_below hidden_label field_validation_below gfield_visibility_visible\"  ><label class='gfield_label gform-field-label' for='input_1_1'>Nombre<span class=\"gfield_required\"><span class=\"gfield_required gfield_required_asterisk\">*<\/span><\/span><\/label><div class='ginput_container ginput_container_text'><input name='input_1' required id='input_1_1' type='text' value='' class='large'    placeholder='Nombre:' aria-required=\"true\" aria-invalrequired id=\"false\"   \/><\/div><\/div><div id=\"field_1_2\" class=\"gfield gfield--type-email gfield--width-full mitad gfield_contains_required field_sublabel_below gfield--no-description field_description_below hidden_label field_validation_below gfield_visibility_visible\"  ><label class='gfield_label gform-field-label' for='input_1_2'>Email<span class=\"gfield_required\"><span class=\"gfield_required gfield_required_asterisk\">*<\/span><\/span><\/label><div class='ginput_container ginput_container_email'>\n                            <input name='input_2' required data-parsley-type=\"email\" id='input_1_2' type='email' value='' class='large'   placeholder='Email:' aria-required=\"true\" aria-invalrequired data-parsley-type=\"email\" id=\"false\"  \/>\n                        <\/div><\/div><div id=\"field_1_3\" class=\"gfield gfield--type-textarea gfield--width-full fullfield_ gfield_contains_required field_sublabel_below gfield--no-description field_description_below hidden_label field_validation_below gfield_visibility_visible\"  ><label class='gfield_label gform-field-label' for='input_1_3'>Sin nombre<span class=\"gfield_required\"><span class=\"gfield_required gfield_required_asterisk\">*<\/span><\/span><\/label><div class='ginput_container ginput_container_textarea'><textarea name='input_3' required id='input_1_3' class='textarea large'    placeholder='Texto:' aria-required=\"true\" aria-invalrequired id=\"false\"   rows='10' cols='50'><\/textarea><\/div><\/div><fieldset id=\"field_1_4\" class=\"gfield gfield--type-consent gfield--type-choice gfield--width-full checkbox_ gfield_contains_required field_sublabel_below gfield--no-description field_description_below hidden_label field_validation_below gfield_visibility_visible\"  ><legend class='gfield_label gform-field-label gfield_label_before_complex' >Consentimiento<span class=\"gfield_required\"><span class=\"gfield_required gfield_required_asterisk\">*<\/span><\/span><\/legend><div class='ginput_container ginput_container_consent'><input name='input_4.1' required id='input_1_4_1' type='checkbox' value='1'   aria-required=\"true\" aria-invalrequired id=\"false\"   \/> <label class=\"gform-field-label gform-field-label--type-inline gfield_consent_label\" for='input_1_4_1' >Estoy de acuerdo con la <a href=\"https:\/\/actualfarma.es\/politica-privacidad\" target=\"_blank\">pol\u00edtica de privacidad<\/a>.<span class=\"gfield_required gfield_required_asterisk\">*<\/span><\/label><input type='hidden' name='input_4.2' value='Estoy de acuerdo con la &lt;a href=&quot;https:\/\/actualfarma.es\/politica-privacidad&quot; target=&quot;_blank&quot;&gt;pol\u00edtica de privacidad&lt;\/a&gt;.' class='gform_hidden' \/><input type='hidden' name='input_4.3' value='1' class='gform_hidden' \/><\/div><\/fieldset><\/div><\/div>\n        <div class='gform-footer gform_footer top_label'> <button type='submit' id='gform_submit_button_1' class='gform_button button'>Enviar<\/button> \n            <input type='hidden' class='gform_hidden' name='gform_submission_method' data-js='gform_submission_method_1' value='postback' \/>\n            <input type='hidden' class='gform_hidden' name='gform_theme' data-js='gform_theme_1' id='gform_theme_1' value='gravity-theme' \/>\n            <input type='hidden' class='gform_hidden' name='gform_style_settings' data-js='gform_style_settings_1' id='gform_style_settings_1' value='[]' \/>\n            <input type='hidden' class='gform_hidden' name='is_submit_1' value='1' \/>\n            <input type='hidden' class='gform_hidden' name='gform_submit' value='1' \/>\n            \n            <input type='hidden' class='gform_hidden' name='gform_currency' data-currency='EUR' value='Z4olrHX4mEYeHGdChxaa384HDh\/93bIof9itK9Nd1XxG3q+79NqvY2Q7Gy4lG4po4iqcON6\/U+tixwqD2Ze29qUf3SYchSClSzjvOuK3P+a0goU=' \/>\n            <input type='hidden' class='gform_hidden' name='gform_unique_id' value='' \/>\n            <input type='hidden' class='gform_hidden' name='state_1' value='WyJ7XCI0LjFcIjpcIjhkYmE5NTI3Y2VmMTQ2MDdlNGJlNzA3NmFlZWRhMDMxXCIsXCI0LjJcIjpcIjIwNmRkMDlmZTBmZGIyNTNhNzE2NjEzOTk5OGE2OTMzXCIsXCI0LjNcIjpcIjhkYmE5NTI3Y2VmMTQ2MDdlNGJlNzA3NmFlZWRhMDMxXCJ9IiwiYWY1ODA1OWUyNGJjMzJkY2VhMDY0MDdmYzU2MGY5ODkiXQ==' \/>\n            <input type='hidden' autocomplete='off' class='gform_hidden' name='gform_target_page_number_1' id='gform_target_page_number_1' value='0' \/>\n            <input type='hidden' autocomplete='off' class='gform_hidden' name='gform_source_page_number_1' id='gform_source_page_number_1' value='1' \/>\n            <input type='hidden' name='gform_field_values' value='' \/>\n            \n        <\/div>\n                        <\/form>\n                        <\/div><script>\ngform.initializeOnLoaded( function() {gformInitSpinner( 1, 'https:\/\/actualfarma.es\/congreso-2026\/wp-content\/plugins\/gravityforms\/images\/spinner.svg', true );jQuery('#gform_ajax_frame_1').on('load',function(){var contents = jQuery(this).contents().find('*').html();var is_postback = contents.indexOf('GF_AJAX_POSTBACK') >= 0;if(!is_postback){return;}var form_content = jQuery(this).contents().find('#gform_wrapper_1');var is_confirmation = jQuery(this).contents().find('#gform_confirmation_wrapper_1').length > 0;var is_redirect = contents.indexOf('gformRedirect(){') >= 0;var is_form = form_content.length > 0 && ! is_redirect && ! is_confirmation;var mt = parseInt(jQuery('html').css('margin-top'), 10) + parseInt(jQuery('body').css('margin-top'), 10) + 100;if(is_form){jQuery('#gform_wrapper_1').html(form_content.html());if(form_content.hasClass('gform_validation_error')){jQuery('#gform_wrapper_1').addClass('gform_validation_error');} else {jQuery('#gform_wrapper_1').removeClass('gform_validation_error');}setTimeout( function() { \/* delay the scroll by 50 milliseconds to fix a bug in chrome *\/ jQuery(document).scrollTop(jQuery('#gform_wrapper_1').offset().top - mt); }, 50 );if(window['gformInitDatepicker']) {gformInitDatepicker();}if(window['gformInitPriceFields']) {gformInitPriceFields();}var current_page = jQuery('#gform_source_page_number_1').val();gformInitSpinner( 1, 'https:\/\/actualfarma.es\/congreso-2026\/wp-content\/plugins\/gravityforms\/images\/spinner.svg', true );jQuery(document).trigger('gform_page_loaded', [1, current_page]);window['gf_submitting_1'] = false;}else if(!is_redirect){var confirmation_content = jQuery(this).contents().find('.GF_AJAX_POSTBACK').html();if(!confirmation_content){confirmation_content = contents;}jQuery('#gform_wrapper_1').replaceWith(confirmation_content);jQuery(document).scrollTop(jQuery('#gf_1').offset().top - mt);jQuery(document).trigger('gform_confirmation_loaded', [1]);window['gf_submitting_1'] = false;wp.a11y.speak(jQuery('#gform_confirmation_message_1').text());}else{jQuery('#gform_1').append(contents);if(window['gformRedirect']) {gformRedirect();}}jQuery(document).trigger(\"gform_pre_post_render\", [{ formId: \"1\", currentPage: \"current_page\", abort: function() { this.preventDefault(); } }]);        if (event && event.defaultPrevented) {                return;        }        const gformWrapperDiv = document.getElementById( \"gform_wrapper_1\" );        if ( gformWrapperDiv ) {            const visibilitySpan = document.createElement( \"span\" );            visibilitySpan.id = \"gform_visibility_test_1\";            gformWrapperDiv.insertAdjacentElement( \"afterend\", visibilitySpan );        }        const visibilityTestDiv = document.getElementById( \"gform_visibility_test_1\" );        let postRenderFired = false;        function triggerPostRender() {            if ( postRenderFired ) {                return;            }            postRenderFired = true;            gform.core.triggerPostRenderEvents( 1, current_page );            if ( visibilityTestDiv ) {                visibilityTestDiv.parentNode.removeChild( visibilityTestDiv );            }        }        function debounce( func, wait, immediate ) {            var timeout;            return function() {                var context = this, args = arguments;                var later = function() {                    timeout = null;                    if ( !immediate ) func.apply( context, args );                };                var callNow = immediate && !timeout;                clearTimeout( timeout );                timeout = setTimeout( later, wait );                if ( callNow ) func.apply( context, args );            };        }        const debouncedTriggerPostRender = debounce( function() {            triggerPostRender();        }, 200 );        if ( visibilityTestDiv && visibilityTestDiv.offsetParent === null ) {            const observer = new MutationObserver( ( mutations ) => {                mutations.forEach( ( mutation ) => {                    if ( mutation.type === 'attributes' && visibilityTestDiv.offsetParent !== null ) {                        debouncedTriggerPostRender();                        observer.disconnect();                    }                });            });            observer.observe( document.body, {                attributes: true,                childList: false,                subtree: true,                attributeFilter: [ 'style', 'class' ],            });        } else {            triggerPostRender();        }    } );} );\n<\/script>\n<\/div><\/div>\n","protected":false},"excerpt":{"rendered":"<p>Secretar\u00eda t\u00e9cnica<\/p>\n","protected":false},"author":1,"featured_media":42,"parent":0,"menu_order":0,"comment_status":"closed","ping_status":"closed","template":"","meta":{"inline_featured_image":false,"footnotes":""},"class_list":["post-222","page","type-page","status-publish","has-post-thumbnail","hentry"],"yoast_head":"<!-- This site is optimized with the Yoast SEO plugin v27.2 - https:\/\/yoast.com\/product\/yoast-seo-wordpress\/ -->\n<title>Secretar\u00eda t\u00e9cnica - Actualfarma 2026<\/title>\n<meta name=\"robots\" content=\"index, follow, max-snippet:-1, max-image-preview:large, max-video-preview:-1\" \/>\n<link rel=\"canonical\" href=\"https:\/\/actualfarma.es\/congreso-2026\/secretaria-tecnica\/\" \/>\n<meta property=\"og:locale\" content=\"es_ES\" \/>\n<meta property=\"og:type\" content=\"article\" \/>\n<meta property=\"og:title\" content=\"Secretar\u00eda t\u00e9cnica - Actualfarma 2026\" \/>\n<meta property=\"og:description\" content=\"Secretar\u00eda t\u00e9cnica\" \/>\n<meta property=\"og:url\" content=\"https:\/\/actualfarma.es\/congreso-2026\/secretaria-tecnica\/\" \/>\n<meta property=\"og:site_name\" content=\"Actualfarma 2026\" \/>\n<meta property=\"article:publisher\" content=\"https:\/\/www.facebook.com\/people\/Actualfarma\/100066508608748\/\" \/>\n<meta property=\"article:modified_time\" content=\"2023-01-26T13:17:56+00:00\" \/>\n<meta property=\"og:image\" content=\"https:\/\/actualfarma.es\/congreso-2026\/wp-content\/uploads\/2022\/04\/actualfarma-contacto.jpg\" \/>\n\t<meta property=\"og:image:width\" content=\"2500\" \/>\n\t<meta property=\"og:image:height\" content=\"1667\" \/>\n\t<meta property=\"og:image:type\" content=\"image\/jpeg\" \/>\n<meta name=\"twitter:card\" content=\"summary_large_image\" \/>\n<meta name=\"twitter:label1\" content=\"Tiempo de lectura\" \/>\n\t<meta name=\"twitter:data1\" content=\"1 minuto\" \/>\n<script type=\"application\/ld+json\" class=\"yoast-schema-graph\">{\"@context\":\"https:\/\/schema.org\",\"@graph\":[{\"@type\":\"WebPage\",\"@id\":\"https:\/\/actualfarma.es\/congreso-2026\/secretaria-tecnica\/\",\"url\":\"https:\/\/actualfarma.es\/congreso-2026\/secretaria-tecnica\/\",\"name\":\"Secretar\u00eda t\u00e9cnica - Actualfarma 2026\",\"isPartOf\":{\"@id\":\"https:\/\/actualfarma.es\/congreso-2026\/#website\"},\"primaryImageOfPage\":{\"@id\":\"https:\/\/actualfarma.es\/congreso-2026\/secretaria-tecnica\/#primaryimage\"},\"image\":{\"@id\":\"https:\/\/actualfarma.es\/congreso-2026\/secretaria-tecnica\/#primaryimage\"},\"thumbnailUrl\":\"https:\/\/actualfarma.es\/congreso-2026\/wp-content\/uploads\/2022\/04\/actualfarma-contacto.jpg\",\"datePublished\":\"2022-04-11T20:10:38+00:00\",\"dateModified\":\"2023-01-26T13:17:56+00:00\",\"breadcrumb\":{\"@id\":\"https:\/\/actualfarma.es\/congreso-2026\/secretaria-tecnica\/#breadcrumb\"},\"inLanguage\":\"es\",\"potentialAction\":[{\"@type\":\"ReadAction\",\"target\":[\"https:\/\/actualfarma.es\/congreso-2026\/secretaria-tecnica\/\"]}]},{\"@type\":\"ImageObject\",\"inLanguage\":\"es\",\"@id\":\"https:\/\/actualfarma.es\/congreso-2026\/secretaria-tecnica\/#primaryimage\",\"url\":\"https:\/\/actualfarma.es\/congreso-2026\/wp-content\/uploads\/2022\/04\/actualfarma-contacto.jpg\",\"contentUrl\":\"https:\/\/actualfarma.es\/congreso-2026\/wp-content\/uploads\/2022\/04\/actualfarma-contacto.jpg\",\"width\":2500,\"height\":1667,\"caption\":\"Actualfarma contacto\"},{\"@type\":\"BreadcrumbList\",\"@id\":\"https:\/\/actualfarma.es\/congreso-2026\/secretaria-tecnica\/#breadcrumb\",\"itemListElement\":[{\"@type\":\"ListItem\",\"position\":1,\"name\":\"Portada\",\"item\":\"https:\/\/actualfarma.es\/congreso-2026\/\"},{\"@type\":\"ListItem\",\"position\":2,\"name\":\"Secretar\u00eda t\u00e9cnica\"}]},{\"@type\":\"WebSite\",\"@id\":\"https:\/\/actualfarma.es\/congreso-2026\/#website\",\"url\":\"https:\/\/actualfarma.es\/congreso-2026\/\",\"name\":\"Actualfarma 2025\",\"description\":\"Jornadas farmacol\u00f3gicas\",\"publisher\":{\"@id\":\"https:\/\/actualfarma.es\/congreso-2026\/#organization\"},\"potentialAction\":[{\"@type\":\"SearchAction\",\"target\":{\"@type\":\"EntryPoint\",\"urlTemplate\":\"https:\/\/actualfarma.es\/congreso-2026\/?s={search_term_string}\"},\"query-input\":{\"@type\":\"PropertyValueSpecification\",\"valueRequired\":true,\"valueName\":\"search_term_string\"}}],\"inLanguage\":\"es\"},{\"@type\":\"Organization\",\"@id\":\"https:\/\/actualfarma.es\/congreso-2026\/#organization\",\"name\":\"Actualfarma 2025\",\"url\":\"https:\/\/actualfarma.es\/congreso-2026\/\",\"logo\":{\"@type\":\"ImageObject\",\"inLanguage\":\"es\",\"@id\":\"https:\/\/actualfarma.es\/congreso-2026\/#\/schema\/logo\/image\/\",\"url\":\"https:\/\/actualfarma.es\/congreso-2026\/wp-content\/uploads\/2022\/04\/logo.svg\",\"contentUrl\":\"https:\/\/actualfarma.es\/congreso-2026\/wp-content\/uploads\/2022\/04\/logo.svg\",\"caption\":\"Actualfarma 2025\"},\"image\":{\"@id\":\"https:\/\/actualfarma.es\/congreso-2026\/#\/schema\/logo\/image\/\"},\"sameAs\":[\"https:\/\/www.facebook.com\/people\/Actualfarma\/100066508608748\/\"]}]}<\/script>\n<!-- \/ Yoast SEO plugin. -->","yoast_head_json":{"title":"Secretar\u00eda t\u00e9cnica - Actualfarma 2026","robots":{"index":"index","follow":"follow","max-snippet":"max-snippet:-1","max-image-preview":"max-image-preview:large","max-video-preview":"max-video-preview:-1"},"canonical":"https:\/\/actualfarma.es\/congreso-2026\/secretaria-tecnica\/","og_locale":"es_ES","og_type":"article","og_title":"Secretar\u00eda t\u00e9cnica - Actualfarma 2026","og_description":"Secretar\u00eda t\u00e9cnica","og_url":"https:\/\/actualfarma.es\/congreso-2026\/secretaria-tecnica\/","og_site_name":"Actualfarma 2026","article_publisher":"https:\/\/www.facebook.com\/people\/Actualfarma\/100066508608748\/","article_modified_time":"2023-01-26T13:17:56+00:00","og_image":[{"width":2500,"height":1667,"url":"https:\/\/actualfarma.es\/congreso-2026\/wp-content\/uploads\/2022\/04\/actualfarma-contacto.jpg","type":"image\/jpeg"}],"twitter_card":"summary_large_image","twitter_misc":{"Tiempo de lectura":"1 minuto"},"schema":{"@context":"https:\/\/schema.org","@graph":[{"@type":"WebPage","@id":"https:\/\/actualfarma.es\/congreso-2026\/secretaria-tecnica\/","url":"https:\/\/actualfarma.es\/congreso-2026\/secretaria-tecnica\/","name":"Secretar\u00eda t\u00e9cnica - Actualfarma 2026","isPartOf":{"@id":"https:\/\/actualfarma.es\/congreso-2026\/#website"},"primaryImageOfPage":{"@id":"https:\/\/actualfarma.es\/congreso-2026\/secretaria-tecnica\/#primaryimage"},"image":{"@id":"https:\/\/actualfarma.es\/congreso-2026\/secretaria-tecnica\/#primaryimage"},"thumbnailUrl":"https:\/\/actualfarma.es\/congreso-2026\/wp-content\/uploads\/2022\/04\/actualfarma-contacto.jpg","datePublished":"2022-04-11T20:10:38+00:00","dateModified":"2023-01-26T13:17:56+00:00","breadcrumb":{"@id":"https:\/\/actualfarma.es\/congreso-2026\/secretaria-tecnica\/#breadcrumb"},"inLanguage":"es","potentialAction":[{"@type":"ReadAction","target":["https:\/\/actualfarma.es\/congreso-2026\/secretaria-tecnica\/"]}]},{"@type":"ImageObject","inLanguage":"es","@id":"https:\/\/actualfarma.es\/congreso-2026\/secretaria-tecnica\/#primaryimage","url":"https:\/\/actualfarma.es\/congreso-2026\/wp-content\/uploads\/2022\/04\/actualfarma-contacto.jpg","contentUrl":"https:\/\/actualfarma.es\/congreso-2026\/wp-content\/uploads\/2022\/04\/actualfarma-contacto.jpg","width":2500,"height":1667,"caption":"Actualfarma contacto"},{"@type":"BreadcrumbList","@id":"https:\/\/actualfarma.es\/congreso-2026\/secretaria-tecnica\/#breadcrumb","itemListElement":[{"@type":"ListItem","position":1,"name":"Portada","item":"https:\/\/actualfarma.es\/congreso-2026\/"},{"@type":"ListItem","position":2,"name":"Secretar\u00eda t\u00e9cnica"}]},{"@type":"WebSite","@id":"https:\/\/actualfarma.es\/congreso-2026\/#website","url":"https:\/\/actualfarma.es\/congreso-2026\/","name":"Actualfarma 2025","description":"Jornadas farmacol\u00f3gicas","publisher":{"@id":"https:\/\/actualfarma.es\/congreso-2026\/#organization"},"potentialAction":[{"@type":"SearchAction","target":{"@type":"EntryPoint","urlTemplate":"https:\/\/actualfarma.es\/congreso-2026\/?s={search_term_string}"},"query-input":{"@type":"PropertyValueSpecification","valueRequired":true,"valueName":"search_term_string"}}],"inLanguage":"es"},{"@type":"Organization","@id":"https:\/\/actualfarma.es\/congreso-2026\/#organization","name":"Actualfarma 2025","url":"https:\/\/actualfarma.es\/congreso-2026\/","logo":{"@type":"ImageObject","inLanguage":"es","@id":"https:\/\/actualfarma.es\/congreso-2026\/#\/schema\/logo\/image\/","url":"https:\/\/actualfarma.es\/congreso-2026\/wp-content\/uploads\/2022\/04\/logo.svg","contentUrl":"https:\/\/actualfarma.es\/congreso-2026\/wp-content\/uploads\/2022\/04\/logo.svg","caption":"Actualfarma 2025"},"image":{"@id":"https:\/\/actualfarma.es\/congreso-2026\/#\/schema\/logo\/image\/"},"sameAs":["https:\/\/www.facebook.com\/people\/Actualfarma\/100066508608748\/"]}]}},"_links":{"self":[{"href":"https:\/\/actualfarma.es\/congreso-2026\/wp-json\/wp\/v2\/pages\/222","targetHints":{"allow":["GET"]}}],"collection":[{"href":"https:\/\/actualfarma.es\/congreso-2026\/wp-json\/wp\/v2\/pages"}],"about":[{"href":"https:\/\/actualfarma.es\/congreso-2026\/wp-json\/wp\/v2\/types\/page"}],"author":[{"embeddable":true,"href":"https:\/\/actualfarma.es\/congreso-2026\/wp-json\/wp\/v2\/users\/1"}],"replies":[{"embeddable":true,"href":"https:\/\/actualfarma.es\/congreso-2026\/wp-json\/wp\/v2\/comments?post=222"}],"version-history":[{"count":3,"href":"https:\/\/actualfarma.es\/congreso-2026\/wp-json\/wp\/v2\/pages\/222\/revisions"}],"predecessor-version":[{"id":4223,"href":"https:\/\/actualfarma.es\/congreso-2026\/wp-json\/wp\/v2\/pages\/222\/revisions\/4223"}],"wp:featuredmedia":[{"embeddable":true,"href":"https:\/\/actualfarma.es\/congreso-2026\/wp-json\/wp\/v2\/media\/42"}],"wp:attachment":[{"href":"https:\/\/actualfarma.es\/congreso-2026\/wp-json\/wp\/v2\/media?parent=222"}],"curies":[{"name":"wp","href":"https:\/\/api.w.org\/{rel}","templated":true}]}}