{"id":190,"date":"2022-04-11T21:16:22","date_gmt":"2022-04-11T19:16:22","guid":{"rendered":"https:\/\/actualfarma.es\/congreso-2026\/?page_id=190"},"modified":"2026-04-01T13:47:14","modified_gmt":"2026-04-01T11:47:14","slug":"envio-de-posters","status":"publish","type":"page","link":"https:\/\/actualfarma.es\/congreso-2026\/envio-de-posters\/","title":{"rendered":"Env\u00edo de p\u00f3sters"},"content":{"rendered":"\n<div class=\"wp-block-group seccion\"><div class=\"wp-block-group__inner-container is-layout-constrained wp-block-group-is-layout-constrained\">\n<h2 class=\"wp-block-heading h1\">Env\u00edo de p\u00f3sters<\/h2>\n<\/div><\/div>\n\n\n\n<h2 class=\"wp-block-heading has-text-align-center oculto has-text-color\" style=\"color:#3dad84\">\u00a1Ampliamos el plazo de env\u00edo!<\/h2>\n\n\n\n<div class=\"wp-block-group seccion oculto__\"><div class=\"wp-block-group__inner-container is-layout-constrained wp-block-group-is-layout-constrained\">\n<div id=\"normas_posters\" class=\"wp-block-group\"><div class=\"wp-block-group__inner-container is-layout-flow wp-block-group-is-layout-flow\">\n<h2 class=\"wp-block-heading\">NORMAS PARA EL ENV\u00cdO DE P\u00d3STERS A ACTUALFARMA 2026<\/h2>\n\n\n\n<h3 class=\"wp-block-heading\">1. Deber\u00e1n presentarse teniendo en cuenta:<\/h3>\n\n\n\n<p><strong>Formato:<\/strong> Una p\u00e1gina en formato Word, m\u00e1ximo 500 palabras + figura\/tabla.<\/p>\n\n\n\n<p><strong>Estructura:<\/strong> T\u00edtulo, autores (6 autores m\u00e1ximo), introducci\u00f3n, objetivo, m\u00e9todos, resultados y conclusiones.<\/p>\n\n\n\n<p>El contenido de los p\u00f3sters versar\u00e1 sobre los siguientes aspectos relacionados con el Congreso:<\/p>\n\n\n\n<ul class=\"wp-block-list\">\n<li>Investigaci\u00f3n<\/li>\n\n\n\n<li>Gesti\u00f3n, nuevas tecnolog\u00edas y big data<\/li>\n\n\n\n<li>Cronicidad<\/li>\n\n\n\n<li>Cuidados cr\u00edticos<\/li>\n\n\n\n<li>Enfermedades raras<\/li>\n\n\n\n<li>Enfermedades inmunomediadas<\/li>\n\n\n\n<li>Oncohematolog\u00eda<\/li>\n\n\n\n<li>Patolog\u00eda Infecciosa<\/li>\n\n\n\n<li>Seguridad y COVID19<\/li>\n\n\n\n<li>Otros temas<\/li>\n<\/ul>\n\n\n\n<h3 class=\"wp-block-heading\">2. Forma y plazo de presentaci\u00f3n de los p\u00f3sters:<\/h3>\n\n\n\n<p>El env\u00edo de abstracts se realizar\u00e1 desde el 1 de abril de 2026 hasta el 22 de mayo a trav\u00e9s de la p\u00e1gina Actualfarma.<\/p>\n\n\n\n<p>Se informar\u00e1 sobre su aceptaci\u00f3n antes del 1 de junio de 2026.<\/p>\n\n\n\n<h3 class=\"wp-block-heading\">3. Registro y Privacidad:<\/h3>\n\n\n\n<p>El env\u00edo de trabajos supone la aceptaci\u00f3n de las bases y su publicaci\u00f3n con fines cient\u00edficos por Actualfarma.<\/p>\n<\/div><\/div>\n<\/div><\/div>\n\n\n<style>.wp-block-kadence-spacer.kt-block-spacer-190_a564ac-6b .kt-block-spacer{height:60px;}.wp-block-kadence-spacer.kt-block-spacer-190_a564ac-6b .kt-divider{border-top-width:3px;height:1px;border-top-color:#63bab9;width:100%;border-top-style:solid;}<\/style>\n<div class=\"wp-block-kadence-spacer aligncenter kt-block-spacer-190_a564ac-6b my-5__\"><div class=\"kt-block-spacer kt-block-spacer-halign-center\"><hr class=\"kt-divider\"\/><\/div><\/div>\n\n\n\n<h2 class=\"wp-block-heading has-text-align-center oculto__ has-azul-logo-color has-text-color\">Una vez registrado, podr\u00e1s subir tu p\u00f3ster desde el 1 de junio hasta el 8 de junio.<\/h2>\n\n\n\n<div class=\"wp-block-group seccion oculto__\"><div class=\"wp-block-group__inner-container is-layout-flow wp-block-group-is-layout-flow\">\n<!--\u2013- [wpfcNOT] -\u2013-->\n<!-- Para que no cachee la p\u00e1gina y la cuenta atr\u00e1s sea la correcta -->\n\n\n    <script type=\"text\/javascript\">\n        jQuery(document).ready(function(){\n            jQuery('.gf_readonly input, .gf_readonly textarea, .gf_readonly select').attr('readonly', 'readonly');\n        });\n    <\/script>\n        <script type=\"text\/javascript\">\n        jQuery(document).ready(function(){\n\t\t\tjQuery('.gfield.listado-coautores .gfield_list_group > div.gfield_list_cell:nth-child(2)').addClass('ginput_container_email');\n\t\t\tjQuery('.gfield.listado-coautores .gfield_list_group > div.gfield_list_cell:nth-child(2) input').attr({ 'type':'email', 'data-parsley-type':'email' });\n            \/\/ jQuery('.gfield.listado-coautores input:odd').attr('type', 'email');\n        });\n    <\/script>\n    <script>\nvar gform;gform||(document.addEventListener(\"gform_main_scripts_loaded\",function(){gform.scriptsLoaded=!0}),document.addEventListener(\"gform\/theme\/scripts_loaded\",function(){gform.themeScriptsLoaded=!0}),window.addEventListener(\"DOMContentLoaded\",function(){gform.domLoaded=!0}),gform={domLoaded:!1,scriptsLoaded:!1,themeScriptsLoaded:!1,isFormEditor:()=>\"function\"==typeof InitializeEditor,callIfLoaded:function(o){return!(!gform.domLoaded||!gform.scriptsLoaded||!gform.themeScriptsLoaded&&!gform.isFormEditor()||(gform.isFormEditor()&&console.warn(\"The use of gform.initializeOnLoaded() is deprecated in the form editor context and will be removed in Gravity Forms 3.1.\"),o(),0))},initializeOnLoaded:function(o){gform.callIfLoaded(o)||(document.addEventListener(\"gform_main_scripts_loaded\",()=>{gform.scriptsLoaded=!0,gform.callIfLoaded(o)}),document.addEventListener(\"gform\/theme\/scripts_loaded\",()=>{gform.themeScriptsLoaded=!0,gform.callIfLoaded(o)}),window.addEventListener(\"DOMContentLoaded\",()=>{gform.domLoaded=!0,gform.callIfLoaded(o)}))},hooks:{action:{},filter:{}},addAction:function(o,r,e,t){gform.addHook(\"action\",o,r,e,t)},addFilter:function(o,r,e,t){gform.addHook(\"filter\",o,r,e,t)},doAction:function(o){gform.doHook(\"action\",o,arguments)},applyFilters:function(o){return gform.doHook(\"filter\",o,arguments)},removeAction:function(o,r){gform.removeHook(\"action\",o,r)},removeFilter:function(o,r,e){gform.removeHook(\"filter\",o,r,e)},addHook:function(o,r,e,t,n){null==gform.hooks[o][r]&&(gform.hooks[o][r]=[]);var d=gform.hooks[o][r];null==n&&(n=r+\"_\"+d.length),gform.hooks[o][r].push({tag:n,callable:e,priority:t=null==t?10:t})},doHook:function(r,o,e){var t;if(e=Array.prototype.slice.call(e,1),null!=gform.hooks[r][o]&&((o=gform.hooks[r][o]).sort(function(o,r){return o.priority-r.priority}),o.forEach(function(o){\"function\"!=typeof(t=o.callable)&&(t=window[t]),\"action\"==r?t.apply(null,e):e[0]=t.apply(null,e)})),\"filter\"==r)return e[0]},removeHook:function(o,r,t,n){var e;null!=gform.hooks[o][r]&&(e=(e=gform.hooks[o][r]).filter(function(o,r,e){return!!(null!=n&&n!=o.tag||null!=t&&t!=o.priority)}),gform.hooks[o][r]=e)}});\n<\/script>\n\n                <div class='gf_browser_gecko gform_wrapper gravity-theme gform-theme--no-framework formulario_wrapper' data-form-theme='gravity-theme' data-form-index='0' id='gform_wrapper_2' ><div id='gf_2' class='gform_anchor' tabindex='-1'><\/div>\n                        <div class='gform_heading'>\n\t\t\t\t\t\t\t<p class='gform_required_legend'>&quot;<span class=\"gfield_required gfield_required_asterisk\">*<\/span>&quot; se\u00f1ala los campos obligatorios<\/p>\n                        <\/div><form method='post' enctype='multipart\/form-data'  id='gform_2' class='formulario' action='\/congreso-2026\/wp-json\/wp\/v2\/pages\/190#gf_2' data-formid='2' novalidate>\n                        <div class='gform-body gform_body'><div id='gform_fields_2' class='gform_fields top_label form_sublabel_below description_below validation_below'><div id=\"field_2_7\" class=\"gfield gfield--type-honeypot gform_validation_container field_sublabel_below gfield--has-description field_description_below field_validation_below gfield_visibility_visible\"  ><label class='gfield_label gform-field-label' for='input_2_7'>Mensaje importante<\/label><div class='ginput_container'><input name='input_7' autocomplete=\"new-password\" id='input_2_7' type='text' value='' autocomplete='new-password'\/><\/div><div class='gfield_description' autocomplete=\"new-password\" id='gfield_description_2_7'>Este campo es un campo de validaci\u00f3n y debe quedar sin cambios.<\/div><\/div><div id=\"field_2_1\" class=\"gfield gfield--type-text mitad gfield_contains_required field_sublabel_below gfield--no-description field_description_below field_validation_below gfield_visibility_visible\"  ><label class='gfield_label gform-field-label' for='input_2_1'>T\u00edtulo<span class=\"gfield_required\"><span class=\"gfield_required gfield_required_asterisk\">*<\/span><\/span><\/label><div class='ginput_container ginput_container_text'><input name='input_1' required id='input_2_1' type='text' value='' class='large'     aria-required=\"true\" aria-invalrequired id=\"false\"   \/><\/div><\/div><div id=\"field_2_2\" class=\"gfield gfield--type-text gfield--width-full mitad gfield_contains_required field_sublabel_below gfield--no-description field_description_below field_validation_below gfield_visibility_visible\"  ><label class='gfield_label gform-field-label' for='input_2_2'>Tema<span class=\"gfield_required\"><span class=\"gfield_required gfield_required_asterisk\">*<\/span><\/span><\/label><div class='ginput_container ginput_container_text'><input name='input_2' required id='input_2_2' type='text' value='' class='large'     aria-required=\"true\" aria-invalrequired id=\"false\"   \/><\/div><\/div><div id=\"field_2_3\" class=\"gfield gfield--type-text gfield--width-full mitad gfield_contains_required field_sublabel_below gfield--no-description field_description_below field_validation_below gfield_visibility_visible\"  ><label class='gfield_label gform-field-label' for='input_2_3'>Autor principal<span class=\"gfield_required\"><span class=\"gfield_required gfield_required_asterisk\">*<\/span><\/span><\/label><div class='ginput_container ginput_container_text'><input name='input_3' required id='input_2_3' type='text' value='' class='large'     aria-required=\"true\" aria-invalrequired id=\"false\"   \/><\/div><\/div><div id=\"field_2_4\" class=\"gfield gfield--type-email gfield--width-full mitad gfield_contains_required field_sublabel_below gfield--no-description field_description_below field_validation_below gfield_visibility_visible\"  ><label class='gfield_label gform-field-label' for='input_2_4'>Email del autor principal<span class=\"gfield_required\"><span class=\"gfield_required gfield_required_asterisk\">*<\/span><\/span><\/label><div class='ginput_container ginput_container_email'>\n                            <input name='input_4' required data-parsley-type=\"email\" id='input_2_4' type='email' value='' class='large'    aria-required=\"true\" aria-invalrequired data-parsley-type=\"email\" id=\"false\"  \/>\n                        <\/div><\/div><div id=\"field_2_5\" class=\"gfield gfield--type-fileupload gfield--width-full gfield_contains_required field_sublabel_below gfield--no-description field_description_below field_validation_below gfield_visibility_visible\"  ><label class='gfield_label gform-field-label' for='input_2_5'>Archivo<span class=\"gfield_required\"><span class=\"gfield_required gfield_required_asterisk\">*<\/span><\/span><\/label><div class='ginput_container ginput_container_fileupload'><input type='hidden' name='MAX_FILE_SIZE' value='33554432' \/><input name='input_5' required id='input_2_5' type='file' class='large' aria-describedby=\"gfield_upload_rules_2_5\" onchange='javascript:gformValidateFileSize( this, 33554432 );'  \/><span class='gfield_description gform_fileupload_rules' required id='gfield_upload_rules_2_5'>Tipos de archivos aceptados: doc, docx, pdf, Tama\u00f1o m\u00e1ximo de archivo: 32 MB.<\/span><div class='gfield_description validation_message gfield_validation_message validation_message--hidden-on-empty' required id='live_validation_message_2_5'><\/div> <\/div><\/div><fieldset id=\"field_2_6\" class=\"gfield gfield--type-consent gfield--type-choice gfield--width-full gfield_contains_required field_sublabel_below gfield--no-description field_description_below field_validation_below gfield_visibility_visible\"  ><legend class='gfield_label gform-field-label gfield_label_before_complex' >Consentimiento<span class=\"gfield_required\"><span class=\"gfield_required gfield_required_asterisk\">*<\/span><\/span><\/legend><div class='ginput_container ginput_container_consent'><input name='input_6.1' required id='input_2_6_1' type='checkbox' value='1'   aria-required=\"true\" aria-invalrequired id=\"false\"   \/> <label class=\"gform-field-label gform-field-label--type-inline gfield_consent_label\" for='input_2_6_1' >Estoy de acuerdo con la <a href=\"https:\/\/actualfarma.es\/politica-privacidad\" target=\"_blank\">pol\u00edtica de privacidad<\/a>.<\/label><input type='hidden' name='input_6.2' value='Estoy de acuerdo con la &lt;a href=&quot;https:\/\/actualfarma.es\/politica-privacidad&quot; target=&quot;_blank&quot;&gt;pol\u00edtica de privacidad&lt;\/a&gt;.' class='gform_hidden' \/><input type='hidden' name='input_6.3' value='2' class='gform_hidden' \/><\/div><\/fieldset><\/div><\/div>\n        <div class='gform-footer gform_footer top_label'> <button type='submit' id='gform_submit_button_2' class='gform_button button'>Enviar<\/button> \n            <input type='hidden' class='gform_hidden' name='gform_submission_method' data-js='gform_submission_method_2' value='postback' \/>\n            <input type='hidden' class='gform_hidden' name='gform_theme' data-js='gform_theme_2' id='gform_theme_2' value='gravity-theme' \/>\n            <input type='hidden' class='gform_hidden' name='gform_style_settings' data-js='gform_style_settings_2' id='gform_style_settings_2' value='{&quot;inputPrimaryColor&quot;:&quot;#204ce5&quot;}' \/>\n            <input type='hidden' class='gform_hidden' name='is_submit_2' value='1' \/>\n            <input type='hidden' class='gform_hidden' name='gform_submit' value='2' \/>\n            \n            <input type='hidden' class='gform_hidden' name='gform_currency' data-currency='EUR' value='Y4GfyvIxZ74ouzW4kpRMX7NahD0m44qUg7GocZUy\/dinibyR9ZlBFwUfioXEI94zDdCb\/gzbg2wDT9Q64D3GXqLwwImxy\/xKwD65cE4jHCa2SSc=' \/>\n            <input type='hidden' class='gform_hidden' name='gform_unique_id' value='' \/>\n            <input type='hidden' class='gform_hidden' name='state_2' value='WyJ7XCI2LjFcIjpcIjhkYmE5NTI3Y2VmMTQ2MDdlNGJlNzA3NmFlZWRhMDMxXCIsXCI2LjJcIjpcIjIwNmRkMDlmZTBmZGIyNTNhNzE2NjEzOTk5OGE2OTMzXCIsXCI2LjNcIjpcImNiY2I5OTk2NDUyOGRiNTBiODg3MjA5NzRlYThmM2E1XCJ9IiwiMDM0OTRkYzM2OTQ0YjNjY2Q3ZTU1OTZjOGRjNmQzMzQiXQ==' \/>\n            <input type='hidden' autocomplete='off' class='gform_hidden' name='gform_target_page_number_2' id='gform_target_page_number_2' value='0' \/>\n            <input type='hidden' autocomplete='off' class='gform_hidden' name='gform_source_page_number_2' id='gform_source_page_number_2' value='1' \/>\n            <input type='hidden' name='gform_field_values' value='' \/>\n            \n        <\/div>\n                        <\/form>\n                        <\/div><script>\ngform.initializeOnLoaded( function() {gformInitSpinner( 2, 'https:\/\/actualfarma.es\/congreso-2026\/wp-content\/plugins\/gravityforms\/images\/spinner.svg', true );jQuery('#gform_ajax_frame_2').on('load',function(){var contents = jQuery(this).contents().find('*').html();var is_postback = contents.indexOf('GF_AJAX_POSTBACK') >= 0;if(!is_postback){return;}var form_content = jQuery(this).contents().find('#gform_wrapper_2');var is_confirmation = jQuery(this).contents().find('#gform_confirmation_wrapper_2').length > 0;var is_redirect = contents.indexOf('gformRedirect(){') >= 0;var is_form = form_content.length > 0 && ! is_redirect && ! is_confirmation;var mt = parseInt(jQuery('html').css('margin-top'), 10) + parseInt(jQuery('body').css('margin-top'), 10) + 100;if(is_form){jQuery('#gform_wrapper_2').html(form_content.html());if(form_content.hasClass('gform_validation_error')){jQuery('#gform_wrapper_2').addClass('gform_validation_error');} else {jQuery('#gform_wrapper_2').removeClass('gform_validation_error');}setTimeout( function() { \/* delay the scroll by 50 milliseconds to fix a bug in chrome *\/ jQuery(document).scrollTop(jQuery('#gform_wrapper_2').offset().top - mt); }, 50 );if(window['gformInitDatepicker']) {gformInitDatepicker();}if(window['gformInitPriceFields']) {gformInitPriceFields();}var current_page = jQuery('#gform_source_page_number_2').val();gformInitSpinner( 2, 'https:\/\/actualfarma.es\/congreso-2026\/wp-content\/plugins\/gravityforms\/images\/spinner.svg', true );jQuery(document).trigger('gform_page_loaded', [2, current_page]);window['gf_submitting_2'] = false;}else if(!is_redirect){var confirmation_content = jQuery(this).contents().find('.GF_AJAX_POSTBACK').html();if(!confirmation_content){confirmation_content = contents;}jQuery('#gform_wrapper_2').replaceWith(confirmation_content);jQuery(document).scrollTop(jQuery('#gf_2').offset().top - mt);jQuery(document).trigger('gform_confirmation_loaded', [2]);window['gf_submitting_2'] = false;wp.a11y.speak(jQuery('#gform_confirmation_message_2').text());}else{jQuery('#gform_2').append(contents);if(window['gformRedirect']) {gformRedirect();}}jQuery(document).trigger(\"gform_pre_post_render\", [{ formId: \"2\", currentPage: \"current_page\", abort: function() { this.preventDefault(); } }]);        if (event && event.defaultPrevented) {                return;        }        const gformWrapperDiv = document.getElementById( \"gform_wrapper_2\" );        if ( gformWrapperDiv ) {            const visibilitySpan = document.createElement( \"span\" );            visibilitySpan.id = \"gform_visibility_test_2\";            gformWrapperDiv.insertAdjacentElement( \"afterend\", visibilitySpan );        }        const visibilityTestDiv = document.getElementById( \"gform_visibility_test_2\" );        let postRenderFired = false;        function triggerPostRender() {            if ( postRenderFired ) {                return;            }            postRenderFired = true;            gform.core.triggerPostRenderEvents( 2, current_page );            if ( visibilityTestDiv ) {                visibilityTestDiv.parentNode.removeChild( visibilityTestDiv );            }        }        function debounce( func, wait, immediate ) {            var timeout;            return function() {                var context = this, args = arguments;                var later = function() {                    timeout = null;                    if ( !immediate ) func.apply( context, args );                };                var callNow = immediate && !timeout;                clearTimeout( timeout );                timeout = setTimeout( later, wait );                if ( callNow ) func.apply( context, args );            };        }        const debouncedTriggerPostRender = debounce( function() {            triggerPostRender();        }, 200 );        if ( visibilityTestDiv && visibilityTestDiv.offsetParent === null ) {            const observer = new MutationObserver( ( mutations ) => {                mutations.forEach( ( mutation ) => {                    if ( mutation.type === 'attributes' && visibilityTestDiv.offsetParent !== null ) {                        debouncedTriggerPostRender();                        observer.disconnect();                    }                });            });            observer.observe( document.body, {                attributes: true,                childList: false,                subtree: true,                attributeFilter: [ 'style', 'class' ],            });        } else {            triggerPostRender();        }    } );} );\n<\/script>\n<\/div><\/div>\n\n\n\n\n\n\n\n\n\n\n\n\n\n\n\n","protected":false},"excerpt":{"rendered":"<p>Env\u00edo de p\u00f3sters \u00a1Ampliamos el plazo de env\u00edo! Una vez registrado, podr\u00e1s subir tu p\u00f3ster desde el 1 de junio hasta el 8 de junio.<\/p>\n","protected":false},"author":1,"featured_media":0,"parent":0,"menu_order":0,"comment_status":"closed","ping_status":"closed","template":"","meta":{"inline_featured_image":false,"footnotes":""},"class_list":["post-190","page","type-page","status-publish","hentry"],"yoast_head":"<!-- This site is optimized with the Yoast SEO plugin v27.2 - https:\/\/yoast.com\/product\/yoast-seo-wordpress\/ -->\n<title>Env\u00edo de p\u00f3sters - Actualfarma 2026<\/title>\n<meta name=\"robots\" content=\"index, follow, max-snippet:-1, max-image-preview:large, max-video-preview:-1\" \/>\n<link rel=\"canonical\" href=\"https:\/\/actualfarma.es\/congreso-2026\/envio-de-posters\/\" \/>\n<meta property=\"og:locale\" content=\"es_ES\" \/>\n<meta property=\"og:type\" content=\"article\" \/>\n<meta property=\"og:title\" content=\"Env\u00edo de p\u00f3sters - Actualfarma 2026\" \/>\n<meta property=\"og:description\" content=\"Env\u00edo de p\u00f3sters \u00a1Ampliamos el plazo de env\u00edo! Una vez registrado, podr\u00e1s subir tu p\u00f3ster desde el 1 de junio hasta el 8 de junio.\" \/>\n<meta property=\"og:url\" content=\"https:\/\/actualfarma.es\/congreso-2026\/envio-de-posters\/\" \/>\n<meta property=\"og:site_name\" content=\"Actualfarma 2026\" \/>\n<meta property=\"article:publisher\" content=\"https:\/\/www.facebook.com\/people\/Actualfarma\/100066508608748\/\" \/>\n<meta property=\"article:modified_time\" content=\"2026-04-01T11:47:14+00:00\" \/>\n<meta name=\"twitter:card\" content=\"summary_large_image\" \/>\n<meta name=\"twitter:label1\" content=\"Tiempo de lectura\" \/>\n\t<meta name=\"twitter:data1\" content=\"1 minuto\" \/>\n<script type=\"application\/ld+json\" class=\"yoast-schema-graph\">{\"@context\":\"https:\/\/schema.org\",\"@graph\":[{\"@type\":\"WebPage\",\"@id\":\"https:\/\/actualfarma.es\/congreso-2026\/envio-de-posters\/\",\"url\":\"https:\/\/actualfarma.es\/congreso-2026\/envio-de-posters\/\",\"name\":\"Env\u00edo de p\u00f3sters - Actualfarma 2026\",\"isPartOf\":{\"@id\":\"https:\/\/actualfarma.es\/congreso-2026\/#website\"},\"datePublished\":\"2022-04-11T19:16:22+00:00\",\"dateModified\":\"2026-04-01T11:47:14+00:00\",\"breadcrumb\":{\"@id\":\"https:\/\/actualfarma.es\/congreso-2026\/envio-de-posters\/#breadcrumb\"},\"inLanguage\":\"es\",\"potentialAction\":[{\"@type\":\"ReadAction\",\"target\":[\"https:\/\/actualfarma.es\/congreso-2026\/envio-de-posters\/\"]}]},{\"@type\":\"BreadcrumbList\",\"@id\":\"https:\/\/actualfarma.es\/congreso-2026\/envio-de-posters\/#breadcrumb\",\"itemListElement\":[{\"@type\":\"ListItem\",\"position\":1,\"name\":\"Portada\",\"item\":\"https:\/\/actualfarma.es\/congreso-2026\/\"},{\"@type\":\"ListItem\",\"position\":2,\"name\":\"Env\u00edo de p\u00f3sters\"}]},{\"@type\":\"WebSite\",\"@id\":\"https:\/\/actualfarma.es\/congreso-2026\/#website\",\"url\":\"https:\/\/actualfarma.es\/congreso-2026\/\",\"name\":\"Actualfarma 2025\",\"description\":\"Jornadas farmacol\u00f3gicas\",\"publisher\":{\"@id\":\"https:\/\/actualfarma.es\/congreso-2026\/#organization\"},\"potentialAction\":[{\"@type\":\"SearchAction\",\"target\":{\"@type\":\"EntryPoint\",\"urlTemplate\":\"https:\/\/actualfarma.es\/congreso-2026\/?s={search_term_string}\"},\"query-input\":{\"@type\":\"PropertyValueSpecification\",\"valueRequired\":true,\"valueName\":\"search_term_string\"}}],\"inLanguage\":\"es\"},{\"@type\":\"Organization\",\"@id\":\"https:\/\/actualfarma.es\/congreso-2026\/#organization\",\"name\":\"Actualfarma 2025\",\"url\":\"https:\/\/actualfarma.es\/congreso-2026\/\",\"logo\":{\"@type\":\"ImageObject\",\"inLanguage\":\"es\",\"@id\":\"https:\/\/actualfarma.es\/congreso-2026\/#\/schema\/logo\/image\/\",\"url\":\"https:\/\/actualfarma.es\/congreso-2026\/wp-content\/uploads\/2022\/04\/logo.svg\",\"contentUrl\":\"https:\/\/actualfarma.es\/congreso-2026\/wp-content\/uploads\/2022\/04\/logo.svg\",\"caption\":\"Actualfarma 2025\"},\"image\":{\"@id\":\"https:\/\/actualfarma.es\/congreso-2026\/#\/schema\/logo\/image\/\"},\"sameAs\":[\"https:\/\/www.facebook.com\/people\/Actualfarma\/100066508608748\/\"]}]}<\/script>\n<!-- \/ Yoast SEO plugin. -->","yoast_head_json":{"title":"Env\u00edo de p\u00f3sters - Actualfarma 2026","robots":{"index":"index","follow":"follow","max-snippet":"max-snippet:-1","max-image-preview":"max-image-preview:large","max-video-preview":"max-video-preview:-1"},"canonical":"https:\/\/actualfarma.es\/congreso-2026\/envio-de-posters\/","og_locale":"es_ES","og_type":"article","og_title":"Env\u00edo de p\u00f3sters - Actualfarma 2026","og_description":"Env\u00edo de p\u00f3sters \u00a1Ampliamos el plazo de env\u00edo! Una vez registrado, podr\u00e1s subir tu p\u00f3ster desde el 1 de junio hasta el 8 de junio.","og_url":"https:\/\/actualfarma.es\/congreso-2026\/envio-de-posters\/","og_site_name":"Actualfarma 2026","article_publisher":"https:\/\/www.facebook.com\/people\/Actualfarma\/100066508608748\/","article_modified_time":"2026-04-01T11:47:14+00:00","twitter_card":"summary_large_image","twitter_misc":{"Tiempo de lectura":"1 minuto"},"schema":{"@context":"https:\/\/schema.org","@graph":[{"@type":"WebPage","@id":"https:\/\/actualfarma.es\/congreso-2026\/envio-de-posters\/","url":"https:\/\/actualfarma.es\/congreso-2026\/envio-de-posters\/","name":"Env\u00edo de p\u00f3sters - Actualfarma 2026","isPartOf":{"@id":"https:\/\/actualfarma.es\/congreso-2026\/#website"},"datePublished":"2022-04-11T19:16:22+00:00","dateModified":"2026-04-01T11:47:14+00:00","breadcrumb":{"@id":"https:\/\/actualfarma.es\/congreso-2026\/envio-de-posters\/#breadcrumb"},"inLanguage":"es","potentialAction":[{"@type":"ReadAction","target":["https:\/\/actualfarma.es\/congreso-2026\/envio-de-posters\/"]}]},{"@type":"BreadcrumbList","@id":"https:\/\/actualfarma.es\/congreso-2026\/envio-de-posters\/#breadcrumb","itemListElement":[{"@type":"ListItem","position":1,"name":"Portada","item":"https:\/\/actualfarma.es\/congreso-2026\/"},{"@type":"ListItem","position":2,"name":"Env\u00edo de p\u00f3sters"}]},{"@type":"WebSite","@id":"https:\/\/actualfarma.es\/congreso-2026\/#website","url":"https:\/\/actualfarma.es\/congreso-2026\/","name":"Actualfarma 2025","description":"Jornadas farmacol\u00f3gicas","publisher":{"@id":"https:\/\/actualfarma.es\/congreso-2026\/#organization"},"potentialAction":[{"@type":"SearchAction","target":{"@type":"EntryPoint","urlTemplate":"https:\/\/actualfarma.es\/congreso-2026\/?s={search_term_string}"},"query-input":{"@type":"PropertyValueSpecification","valueRequired":true,"valueName":"search_term_string"}}],"inLanguage":"es"},{"@type":"Organization","@id":"https:\/\/actualfarma.es\/congreso-2026\/#organization","name":"Actualfarma 2025","url":"https:\/\/actualfarma.es\/congreso-2026\/","logo":{"@type":"ImageObject","inLanguage":"es","@id":"https:\/\/actualfarma.es\/congreso-2026\/#\/schema\/logo\/image\/","url":"https:\/\/actualfarma.es\/congreso-2026\/wp-content\/uploads\/2022\/04\/logo.svg","contentUrl":"https:\/\/actualfarma.es\/congreso-2026\/wp-content\/uploads\/2022\/04\/logo.svg","caption":"Actualfarma 2025"},"image":{"@id":"https:\/\/actualfarma.es\/congreso-2026\/#\/schema\/logo\/image\/"},"sameAs":["https:\/\/www.facebook.com\/people\/Actualfarma\/100066508608748\/"]}]}},"_links":{"self":[{"href":"https:\/\/actualfarma.es\/congreso-2026\/wp-json\/wp\/v2\/pages\/190","targetHints":{"allow":["GET"]}}],"collection":[{"href":"https:\/\/actualfarma.es\/congreso-2026\/wp-json\/wp\/v2\/pages"}],"about":[{"href":"https:\/\/actualfarma.es\/congreso-2026\/wp-json\/wp\/v2\/types\/page"}],"author":[{"embeddable":true,"href":"https:\/\/actualfarma.es\/congreso-2026\/wp-json\/wp\/v2\/users\/1"}],"replies":[{"embeddable":true,"href":"https:\/\/actualfarma.es\/congreso-2026\/wp-json\/wp\/v2\/comments?post=190"}],"version-history":[{"count":37,"href":"https:\/\/actualfarma.es\/congreso-2026\/wp-json\/wp\/v2\/pages\/190\/revisions"}],"predecessor-version":[{"id":8471,"href":"https:\/\/actualfarma.es\/congreso-2026\/wp-json\/wp\/v2\/pages\/190\/revisions\/8471"}],"wp:attachment":[{"href":"https:\/\/actualfarma.es\/congreso-2026\/wp-json\/wp\/v2\/media?parent=190"}],"curies":[{"name":"wp","href":"https:\/\/api.w.org\/{rel}","templated":true}]}}